{"id":912,"date":"2020-06-30T14:36:35","date_gmt":"2020-06-30T12:36:35","guid":{"rendered":"https:\/\/simplygest.es\/blogtecnico\/academy\/"},"modified":"2021-05-04T15:57:50","modified_gmt":"2021-05-04T13:57:50","slug":"academy","status":"publish","type":"page","link":"https:\/\/simplygest.es\/blogtecnico\/","title":{"rendered":"SimplyGest Academy"},"content":{"rendered":"\n<p>Aqu\u00ed encontrar\u00e1s tutoriales, trucos, v\u00eddeos y posts con informaci\u00f3n sobre el uso de SimplyGest. Busca tus dudas por categor\u00eda o utiliza el buscador para encontrar respuestas a tus preguntas.<\/p>\n","protected":false},"excerpt":{"rendered":"<p>Aqu\u00ed encontrar\u00e1s tutoriales, trucos, v\u00eddeos y posts con informaci\u00f3n sobre el uso de SimplyGest. Busca tus dudas por categor\u00eda o utiliza el buscador para encontrar respuestas a tus preguntas.<\/p>\n","protected":false},"author":1,"featured_media":0,"parent":0,"menu_order":0,"comment_status":"closed","ping_status":"closed","template":"template-iknow-home.php","meta":{"footnotes":""},"class_list":["post-912","page","type-page","status-publish","hentry"],"yoast_head":"<!-- This site is optimized with the Yoast SEO plugin v26.4 - https:\/\/yoast.com\/wordpress\/plugins\/seo\/ -->\r\n<title>SimplyGest Academy | SimplyGest Academy<\/title>\r\n<meta name=\"description\" content=\"SimplyGest Academy | SimplyGest Academy |\" \/>\r\n<meta name=\"robots\" content=\"index, follow, max-snippet:-1, max-image-preview:large, max-video-preview:-1\" \/>\r\n<link rel=\"canonical\" href=\"https:\/\/simplygest.es\/blogtecnico\/\" \/>\r\n<meta property=\"og:locale\" content=\"es_ES\" \/>\r\n<meta property=\"og:type\" content=\"article\" \/>\r\n<meta property=\"og:title\" content=\"SimplyGest Academy | SimplyGest Academy\" \/>\r\n<meta property=\"og:description\" content=\"SimplyGest Academy | SimplyGest Academy |\" \/>\r\n<meta property=\"og:url\" content=\"https:\/\/simplygest.es\/blogtecnico\/\" \/>\r\n<meta property=\"og:site_name\" content=\"SimplyGest Academy\" \/>\r\n<meta property=\"article:publisher\" content=\"https:\/\/www.facebook.com\/simplygest\" \/>\r\n<meta property=\"article:modified_time\" content=\"2021-05-04T13:57:50+00:00\" \/>\r\n<meta property=\"og:image\" content=\"https:\/\/simplygest.es\/blogtecnico\/wp-content\/uploads\/2023\/07\/logointro.png\" \/>\r\n\t<meta property=\"og:image:width\" content=\"512\" \/>\r\n\t<meta property=\"og:image:height\" content=\"512\" \/>\r\n\t<meta property=\"og:image:type\" content=\"image\/png\" \/>\r\n<meta name=\"twitter:card\" content=\"summary_large_image\" \/>\r\n<meta name=\"twitter:site\" content=\"@simplygest\" \/>\r\n<script type=\"application\/ld+json\" class=\"yoast-schema-graph\">{\"@context\":\"https:\/\/schema.org\",\"@graph\":[{\"@type\":\"WebPage\",\"@id\":\"https:\/\/simplygest.es\/blogtecnico\/\",\"url\":\"https:\/\/simplygest.es\/blogtecnico\/\",\"name\":\"SimplyGest Academy | SimplyGest Academy\",\"isPartOf\":{\"@id\":\"https:\/\/simplygest.es\/blogtecnico\/#website\"},\"datePublished\":\"2020-06-30T12:36:35+00:00\",\"dateModified\":\"2021-05-04T13:57:50+00:00\",\"description\":\"SimplyGest Academy | SimplyGest Academy |\",\"breadcrumb\":{\"@id\":\"https:\/\/simplygest.es\/blogtecnico\/#breadcrumb\"},\"inLanguage\":\"es\",\"potentialAction\":[{\"@type\":\"ReadAction\",\"target\":[\"https:\/\/simplygest.es\/blogtecnico\/\"]}]},{\"@type\":\"BreadcrumbList\",\"@id\":\"https:\/\/simplygest.es\/blogtecnico\/#breadcrumb\",\"itemListElement\":[{\"@type\":\"ListItem\",\"position\":1,\"name\":\"Portada\",\"item\":\"https:\/\/simplygest.es\/blogtecnico\/\"},{\"@type\":\"ListItem\",\"position\":2,\"name\":\"SimplyGest Academy\"}]},{\"@type\":\"WebSite\",\"@id\":\"https:\/\/simplygest.es\/blogtecnico\/#website\",\"url\":\"https:\/\/simplygest.es\/blogtecnico\/\",\"name\":\"SimplyGest Academy\",\"description\":\"El punto de partida para encontrar respuestas a todas tus dudas\",\"publisher\":{\"@id\":\"https:\/\/simplygest.es\/blogtecnico\/#organization\"},\"potentialAction\":[{\"@type\":\"SearchAction\",\"target\":{\"@type\":\"EntryPoint\",\"urlTemplate\":\"https:\/\/simplygest.es\/blogtecnico\/?s={search_term_string}\"},\"query-input\":{\"@type\":\"PropertyValueSpecification\",\"valueRequired\":true,\"valueName\":\"search_term_string\"}}],\"inLanguage\":\"es\"},{\"@type\":\"Organization\",\"@id\":\"https:\/\/simplygest.es\/blogtecnico\/#organization\",\"name\":\"SimplyGest\",\"url\":\"https:\/\/simplygest.es\/blogtecnico\/\",\"logo\":{\"@type\":\"ImageObject\",\"inLanguage\":\"es\",\"@id\":\"https:\/\/simplygest.es\/blogtecnico\/#\/schema\/logo\/image\/\",\"url\":\"https:\/\/simplygest.es\/blogtecnico\/wp-content\/uploads\/2023\/07\/logointro.png\",\"contentUrl\":\"https:\/\/simplygest.es\/blogtecnico\/wp-content\/uploads\/2023\/07\/logointro.png\",\"width\":512,\"height\":512,\"caption\":\"SimplyGest\"},\"image\":{\"@id\":\"https:\/\/simplygest.es\/blogtecnico\/#\/schema\/logo\/image\/\"},\"sameAs\":[\"https:\/\/www.facebook.com\/simplygest\",\"https:\/\/x.com\/simplygest\"]}]}<\/script>\r\n<!-- \/ Yoast SEO plugin. -->","yoast_head_json":{"title":"SimplyGest Academy | SimplyGest Academy","description":"SimplyGest Academy | SimplyGest Academy |","robots":{"index":"index","follow":"follow","max-snippet":"max-snippet:-1","max-image-preview":"max-image-preview:large","max-video-preview":"max-video-preview:-1"},"canonical":"https:\/\/simplygest.es\/blogtecnico\/","og_locale":"es_ES","og_type":"article","og_title":"SimplyGest Academy | SimplyGest Academy","og_description":"SimplyGest Academy | SimplyGest Academy |","og_url":"https:\/\/simplygest.es\/blogtecnico\/","og_site_name":"SimplyGest Academy","article_publisher":"https:\/\/www.facebook.com\/simplygest","article_modified_time":"2021-05-04T13:57:50+00:00","og_image":[{"width":512,"height":512,"url":"https:\/\/simplygest.es\/blogtecnico\/wp-content\/uploads\/2023\/07\/logointro.png","type":"image\/png"}],"twitter_card":"summary_large_image","twitter_site":"@simplygest","schema":{"@context":"https:\/\/schema.org","@graph":[{"@type":"WebPage","@id":"https:\/\/simplygest.es\/blogtecnico\/","url":"https:\/\/simplygest.es\/blogtecnico\/","name":"SimplyGest Academy | SimplyGest Academy","isPartOf":{"@id":"https:\/\/simplygest.es\/blogtecnico\/#website"},"datePublished":"2020-06-30T12:36:35+00:00","dateModified":"2021-05-04T13:57:50+00:00","description":"SimplyGest Academy | SimplyGest Academy |","breadcrumb":{"@id":"https:\/\/simplygest.es\/blogtecnico\/#breadcrumb"},"inLanguage":"es","potentialAction":[{"@type":"ReadAction","target":["https:\/\/simplygest.es\/blogtecnico\/"]}]},{"@type":"BreadcrumbList","@id":"https:\/\/simplygest.es\/blogtecnico\/#breadcrumb","itemListElement":[{"@type":"ListItem","position":1,"name":"Portada","item":"https:\/\/simplygest.es\/blogtecnico\/"},{"@type":"ListItem","position":2,"name":"SimplyGest Academy"}]},{"@type":"WebSite","@id":"https:\/\/simplygest.es\/blogtecnico\/#website","url":"https:\/\/simplygest.es\/blogtecnico\/","name":"SimplyGest Academy","description":"El punto de partida para encontrar respuestas a todas tus dudas","publisher":{"@id":"https:\/\/simplygest.es\/blogtecnico\/#organization"},"potentialAction":[{"@type":"SearchAction","target":{"@type":"EntryPoint","urlTemplate":"https:\/\/simplygest.es\/blogtecnico\/?s={search_term_string}"},"query-input":{"@type":"PropertyValueSpecification","valueRequired":true,"valueName":"search_term_string"}}],"inLanguage":"es"},{"@type":"Organization","@id":"https:\/\/simplygest.es\/blogtecnico\/#organization","name":"SimplyGest","url":"https:\/\/simplygest.es\/blogtecnico\/","logo":{"@type":"ImageObject","inLanguage":"es","@id":"https:\/\/simplygest.es\/blogtecnico\/#\/schema\/logo\/image\/","url":"https:\/\/simplygest.es\/blogtecnico\/wp-content\/uploads\/2023\/07\/logointro.png","contentUrl":"https:\/\/simplygest.es\/blogtecnico\/wp-content\/uploads\/2023\/07\/logointro.png","width":512,"height":512,"caption":"SimplyGest"},"image":{"@id":"https:\/\/simplygest.es\/blogtecnico\/#\/schema\/logo\/image\/"},"sameAs":["https:\/\/www.facebook.com\/simplygest","https:\/\/x.com\/simplygest"]}]}},"_links":{"self":[{"href":"https:\/\/simplygest.es\/blogtecnico\/wp-json\/wp\/v2\/pages\/912","targetHints":{"allow":["GET"]}}],"collection":[{"href":"https:\/\/simplygest.es\/blogtecnico\/wp-json\/wp\/v2\/pages"}],"about":[{"href":"https:\/\/simplygest.es\/blogtecnico\/wp-json\/wp\/v2\/types\/page"}],"author":[{"embeddable":true,"href":"https:\/\/simplygest.es\/blogtecnico\/wp-json\/wp\/v2\/users\/1"}],"replies":[{"embeddable":true,"href":"https:\/\/simplygest.es\/blogtecnico\/wp-json\/wp\/v2\/comments?post=912"}],"version-history":[{"count":3,"href":"https:\/\/simplygest.es\/blogtecnico\/wp-json\/wp\/v2\/pages\/912\/revisions"}],"predecessor-version":[{"id":1295,"href":"https:\/\/simplygest.es\/blogtecnico\/wp-json\/wp\/v2\/pages\/912\/revisions\/1295"}],"wp:attachment":[{"href":"https:\/\/simplygest.es\/blogtecnico\/wp-json\/wp\/v2\/media?parent=912"}],"curies":[{"name":"wp","href":"https:\/\/api.w.org\/{rel}","templated":true}]}}